{"id":4784,"date":"2025-05-20T14:00:05","date_gmt":"2025-05-20T14:00:05","guid":{"rendered":"https:\/\/vadsbo.net\/en\/?post_type=product&#038;p=4784"},"modified":"2025-05-26T11:50:29","modified_gmt":"2025-05-26T11:50:29","slug":"sensor-surface-mount-s20box-w","status":"publish","type":"product","link":"https:\/\/vadsbo.net\/en\/product\/sensor-surface-mount-s20box-w\/","title":{"rendered":"Sensor surface-mount S20BOX-W"},"content":{"rendered":"","protected":false},"excerpt":{"rendered":"<p>Sensor accessory for IP20 surface-mounting of models SRD2PB &amp; SR2PB, in white colour.<\/p>\n<p>In addition to installation in the ceiling, the S20BOX-W is equipped with pre-made screw holes that fit wall mount boxes and ceiling boxes (with corresponding knock-out for cable).<\/p>\n<p>For cable entry, there are pre-made cutting templates suitable for \u00f87mm, \u00f813mm, and \u00f816mm.<\/p>\n<p>Additionally, there are 4 knock-outs suitable for \u00f816mm flex tube for tube exits in the ceiling.<\/p>\n","protected":false},"featured_media":4785,"template":"","meta":{"_acf_changed":false},"product_cat":[1394],"product_tag":[],"class_list":{"0":"post-4784","1":"product","2":"type-product","3":"status-publish","4":"has-post-thumbnail","6":"product_cat-junction-box","8":"first","9":"instock","10":"shipping-taxable","11":"product-type-simple"},"acf":[],"_links":{"self":[{"href":"https:\/\/vadsbo.net\/en\/wp-json\/wp\/v2\/product\/4784","targetHints":{"allow":["GET"]}}],"collection":[{"href":"https:\/\/vadsbo.net\/en\/wp-json\/wp\/v2\/product"}],"about":[{"href":"https:\/\/vadsbo.net\/en\/wp-json\/wp\/v2\/types\/product"}],"wp:featuredmedia":[{"embeddable":true,"href":"https:\/\/vadsbo.net\/en\/wp-json\/wp\/v2\/media\/4785"}],"wp:attachment":[{"href":"https:\/\/vadsbo.net\/en\/wp-json\/wp\/v2\/media?parent=4784"}],"wp:term":[{"taxonomy":"product_cat","embeddable":true,"href":"https:\/\/vadsbo.net\/en\/wp-json\/wp\/v2\/product_cat?post=4784"},{"taxonomy":"product_tag","embeddable":true,"href":"https:\/\/vadsbo.net\/en\/wp-json\/wp\/v2\/product_tag?post=4784"}],"curies":[{"name":"wp","href":"https:\/\/api.w.org\/{rel}","templated":true}]}}